{"id":50,"date":"2025-11-12T09:29:09","date_gmt":"2025-11-12T09:29:09","guid":{"rendered":"http:\/\/sudwayv.cluster021.hosting.ovh.net\/?page_id=50"},"modified":"2025-11-15T21:41:06","modified_gmt":"2025-11-15T21:41:06","slug":"demande-de-devis","status":"publish","type":"page","link":"https:\/\/sud-ways-solutions.fr\/index.php\/demande-de-devis\/","title":{"rendered":"Demande de devis"},"content":{"rendered":"\t\t<div data-elementor-type=\"wp-page\" data-elementor-id=\"50\" class=\"elementor elementor-50\">\n\t\t\t\t<div class=\"elementor-element elementor-element-1b7f7e9 e-flex e-con-boxed e-con e-parent\" data-id=\"1b7f7e9\" data-element_type=\"container\" data-e-type=\"container\">\n\t\t\t\t\t<div class=\"e-con-inner\">\n\t\t\t\t<div class=\"elementor-element elementor-element-8261895 elementor-widget elementor-widget-html\" data-id=\"8261895\" data-element_type=\"widget\" data-e-type=\"widget\" data-widget_type=\"html.default\">\n\t\t\t\t\t<section style=\"background-color:#FFFFFF; text-align:center; padding:20px 20px; border-radius:0;\">\r\n  <h1 style=\"font-family:Poppins, sans-serif; font-weight:700; font-size:42px; color:#FFA300; margin:0;\">\r\n    Demande de devis\r\n  <\/h1>\r\n<\/section>\r\n\t\t\t\t<\/div>\n\t\t\t\t\t<\/div>\n\t\t\t\t<\/div>\n\t\t<div class=\"elementor-element elementor-element-42702a4 e-flex e-con-boxed e-con e-parent\" data-id=\"42702a4\" data-element_type=\"container\" data-e-type=\"container\">\n\t\t\t\t\t<div class=\"e-con-inner\">\n\t\t\t\t<div class=\"elementor-element elementor-element-9ab5b83 elementor-widget elementor-widget-text-editor\" data-id=\"9ab5b83\" data-element_type=\"widget\" data-e-type=\"widget\" data-widget_type=\"text-editor.default\">\n\t\t\t\t\t\t\t\t\t<p>Remplissez le formulaire ci-dessous, notre \u00e9quipe vous contactera sous 24 h.<\/p>\t\t\t\t\t\t\t\t<\/div>\n\t\t\t\t\t<\/div>\n\t\t\t\t<\/div>\n\t\t<div class=\"elementor-element elementor-element-e36f0ea e-flex e-con-boxed e-con e-parent\" data-id=\"e36f0ea\" data-element_type=\"container\" data-e-type=\"container\">\n\t\t\t\t\t<div class=\"e-con-inner\">\n\t\t\t\t<div class=\"elementor-element elementor-element-cffa818 elementor-widget elementor-widget-wpforms\" data-id=\"cffa818\" data-element_type=\"widget\" data-e-type=\"widget\" data-widget_type=\"wpforms.default\">\n\t\t\t\t<div class=\"elementor-widget-container\">\n\t\t\t\t\t<style id=\"wpforms-css-vars-elementor-widget-cffa818\">\n\t\t\t\t.elementor-widget-wpforms.elementor-element-cffa818 {\n\t\t\t\t--wpforms-button-background-color: #F26B00;\n\t\t\t}\n\t\t\t<\/style><div class=\"wpforms-container wpforms-container-full wpforms-render-modern\" id=\"wpforms-113\"><form id=\"wpforms-form-113\" class=\"wpforms-validate wpforms-form wpforms-ajax-form\" data-formid=\"113\" method=\"post\" enctype=\"multipart\/form-data\" action=\"\/index.php\/wp-json\/wp\/v2\/pages\/50\" data-token=\"456b0934e89843c9446f41924fb7da0b\" data-token-time=\"1775487408\"><noscript class=\"wpforms-error-noscript\">Veuillez activer JavaScript dans votre navigateur pour remplir ce formulaire.<\/noscript><div id=\"wpforms-error-noscript\" style=\"display: none;\">Veuillez activer JavaScript dans votre navigateur pour remplir ce formulaire.<\/div><div class=\"wpforms-field-container\"><div id=\"wpforms-113-field_1-container\" class=\"wpforms-field wpforms-field-name\" data-field-id=\"1\"><fieldset><legend class=\"wpforms-field-label\">Nom <span class=\"wpforms-required-label\" aria-hidden=\"true\">*<\/span><\/legend><div class=\"wpforms-field-row wpforms-field-medium\"><div class=\"wpforms-field-row-block wpforms-first wpforms-one-half\"><input type=\"text\" id=\"wpforms-113-field_1\" class=\"wpforms-field-name-first wpforms-field-required\" name=\"wpforms[fields][1][first]\" aria-errormessage=\"wpforms-113-field_1-error\" required><label for=\"wpforms-113-field_1\" class=\"wpforms-field-sublabel after\">Pr\u00e9nom<\/label><\/div><div class=\"wpforms-field-row-block wpforms-one-half\"><input type=\"text\" id=\"wpforms-113-field_1-last\" class=\"wpforms-field-name-last wpforms-field-required\" name=\"wpforms[fields][1][last]\" aria-errormessage=\"wpforms-113-field_1-last-error\" required><label for=\"wpforms-113-field_1-last\" class=\"wpforms-field-sublabel after\">Nom<\/label><\/div><\/div><\/fieldset><\/div>\t\t<div id=\"wpforms-113-field_4-container\"\n\t\t\tclass=\"wpforms-field wpforms-field-text\"\n\t\t\tdata-field-type=\"text\"\n\t\t\tdata-field-id=\"4\"\n\t\t\t>\n\t\t\t<label class=\"wpforms-field-label\" for=\"wpforms-113-field_4\" >t\u00e9l\u00e9phone Liste E-mail<\/label>\n\t\t\t<input type=\"text\" id=\"wpforms-113-field_4\" class=\"wpforms-field-medium\" name=\"wpforms[fields][4]\" >\n\t\t<\/div>\n\t\t<div id=\"wpforms-113-field_2-container\" class=\"wpforms-field wpforms-field-email\" data-field-id=\"2\"><label class=\"wpforms-field-label\" for=\"wpforms-113-field_2\">E-mail <span class=\"wpforms-required-label\" aria-hidden=\"true\">*<\/span><\/label><input type=\"email\" id=\"wpforms-113-field_2\" class=\"wpforms-field-medium wpforms-field-required\" name=\"wpforms[fields][2]\" spellcheck=\"false\" aria-errormessage=\"wpforms-113-field_2-error\" required><\/div><div id=\"wpforms-113-field_6-container\" class=\"wpforms-field wpforms-field-email\" data-field-id=\"6\"><label class=\"wpforms-field-label\" for=\"wpforms-113-field_6\">Num\u00e9ro de t\u00e9l\u00e9phone <span class=\"wpforms-required-label\" aria-hidden=\"true\">*<\/span><\/label><input type=\"email\" id=\"wpforms-113-field_6\" class=\"wpforms-field-medium wpforms-field-required\" name=\"wpforms[fields][6]\" spellcheck=\"false\" aria-errormessage=\"wpforms-113-field_6-error\" required><\/div><div id=\"wpforms-113-field_5-container\" class=\"wpforms-field wpforms-field-select wpforms-field-select-style-classic\" data-field-id=\"5\"><label class=\"wpforms-field-label\" for=\"wpforms-113-field_5\">Liste d\u00e9roulante<\/label><select id=\"wpforms-113-field_5\" class=\"wpforms-field-medium\" name=\"wpforms[fields][5]\"><option value=\"Convoyage de v\u00e9hicule\"  class=\"choice-1 depth-1\"  >Convoyage de v\u00e9hicule<\/option><option value=\"Transport de biens\"  class=\"choice-2 depth-1\"  >Transport de biens<\/option><option value=\"Autre demande\"  class=\"choice-3 depth-1\"  >Autre demande<\/option><\/select><\/div><div id=\"wpforms-113-field_3-container\" class=\"wpforms-field wpforms-field-textarea\" data-field-id=\"3\"><label class=\"wpforms-field-label\" for=\"wpforms-113-field_3\">Commentaire ou message<\/label><textarea id=\"wpforms-113-field_3\" class=\"wpforms-field-medium\" name=\"wpforms[fields][3]\" aria-errormessage=\"wpforms-113-field_3-error\" ><\/textarea><\/div><script>\n\t\t\t\t( function() {\n\t\t\t\t\tconst style = document.createElement( 'style' );\n\t\t\t\t\tstyle.appendChild( document.createTextNode( '#wpforms-113-field_4-container { position: absolute !important; overflow: hidden !important; display: inline !important; height: 1px !important; width: 1px !important; z-index: -1000 !important; padding: 0 !important; } #wpforms-113-field_4-container input { visibility: hidden; } #wpforms-conversational-form-page #wpforms-113-field_4-container label { counter-increment: none; }' ) );\n\t\t\t\t\tdocument.head.appendChild( style );\n\t\t\t\t\tdocument.currentScript?.remove();\n\t\t\t\t} )();\n\t\t\t<\/script><\/div><!-- .wpforms-field-container --><div class=\"wpforms-submit-container\" ><input type=\"hidden\" name=\"wpforms[id]\" value=\"113\"><input type=\"hidden\" name=\"page_title\" value=\"\"><input type=\"hidden\" name=\"page_url\" value=\"https:\/\/sud-ways-solutions.fr\/index.php\/wp-json\/wp\/v2\/pages\/50\"><input type=\"hidden\" name=\"url_referer\" value=\"\"><button type=\"submit\" name=\"wpforms[submit]\" id=\"wpforms-submit-113\" class=\"wpforms-submit\" data-alt-text=\"Envoi...\" data-submit-text=\"Envoyer\" aria-live=\"assertive\" value=\"wpforms-submit\">Envoyer<\/button><img decoding=\"async\" src=\"https:\/\/sud-ways-solutions.fr\/wp-content\/plugins\/wpforms-lite\/assets\/images\/submit-spin.svg\" class=\"wpforms-submit-spinner\" style=\"display: none;\" width=\"26\" height=\"26\" alt=\"Chargement en cours\"><\/div><\/form><\/div>  <!-- .wpforms-container -->\t\t\t\t<\/div>\n\t\t\t\t<\/div>\n\t\t\t\t\t<\/div>\n\t\t\t\t<\/div>\n\t\t\t\t<\/div>\n\t\t","protected":false},"excerpt":{"rendered":"<p>Demande de devis Remplissez le formulaire ci-dessous, notre \u00e9quipe vous contactera sous 24 h. Veuillez activer JavaScript dans votre navigateur [&hellip;]<\/p>\n","protected":false},"author":1,"featured_media":0,"parent":0,"menu_order":0,"comment_status":"closed","ping_status":"closed","template":"elementor_header_footer","meta":{"site-sidebar-layout":"no-sidebar","site-content-layout":"","ast-site-content-layout":"full-width-container","site-content-style":"default","site-sidebar-style":"default","ast-global-header-display":"","ast-banner-title-visibility":"","ast-main-header-display":"","ast-hfb-above-header-display":"","ast-hfb-below-header-display":"","ast-hfb-mobile-header-display":"","site-post-title":"","ast-breadcrumbs-content":"","ast-featured-img":"disabled","footer-sml-layout":"","ast-disable-related-posts":"","theme-transparent-header-meta":"","adv-header-id-meta":"","stick-header-meta":"","header-above-stick-meta":"","header-main-stick-meta":"","header-below-stick-meta":"","astra-migrate-meta-layouts":"default","ast-page-background-enabled":"default","ast-page-background-meta":{"desktop":{"background-color":"var(--ast-global-color-5)","background-image":"","background-repeat":"repeat","background-position":"center center","background-size":"auto","background-attachment":"scroll","background-type":"","background-media":"","overlay-type":"","overlay-color":"","overlay-opacity":"","overlay-gradient":""},"tablet":{"background-color":"","background-image":"","background-repeat":"repeat","background-position":"center center","background-size":"auto","background-attachment":"scroll","background-type":"","background-media":"","overlay-type":"","overlay-color":"","overlay-opacity":"","overlay-gradient":""},"mobile":{"background-color":"","background-image":"","background-repeat":"repeat","background-position":"center center","background-size":"auto","background-attachment":"scroll","background-type":"","background-media":"","overlay-type":"","overlay-color":"","overlay-opacity":"","overlay-gradient":""}},"ast-content-background-meta":{"desktop":{"background-color":"var(--ast-global-color-4)","background-image":"","background-repeat":"repeat","background-position":"center center","background-size":"auto","background-attachment":"scroll","background-type":"","background-media":"","overlay-type":"","overlay-color":"","overlay-opacity":"","overlay-gradient":""},"tablet":{"background-color":"var(--ast-global-color-4)","background-image":"","background-repeat":"repeat","background-position":"center center","background-size":"auto","background-attachment":"scroll","background-type":"","background-media":"","overlay-type":"","overlay-color":"","overlay-opacity":"","overlay-gradient":""},"mobile":{"background-color":"var(--ast-global-color-4)","background-image":"","background-repeat":"repeat","background-position":"center center","background-size":"auto","background-attachment":"scroll","background-type":"","background-media":"","overlay-type":"","overlay-color":"","overlay-opacity":"","overlay-gradient":""}},"footnotes":""},"class_list":["post-50","page","type-page","status-publish","hentry"],"yoast_head":"<!-- This site is optimized with the Yoast SEO plugin v26.5 - https:\/\/yoast.com\/wordpress\/plugins\/seo\/ -->\n<title>Demande de devis - Sud-Ways Solutions<\/title>\n<meta name=\"robots\" content=\"index, follow, max-snippet:-1, max-image-preview:large, max-video-preview:-1\" \/>\n<link rel=\"canonical\" href=\"https:\/\/sud-ways-solutions.fr\/index.php\/demande-de-devis\/\" \/>\n<meta property=\"og:locale\" content=\"fr_FR\" \/>\n<meta property=\"og:type\" content=\"article\" \/>\n<meta property=\"og:title\" content=\"Demande de devis - Sud-Ways Solutions\" \/>\n<meta property=\"og:description\" content=\"Demande de devis Remplissez le formulaire ci-dessous, notre \u00e9quipe vous contactera sous 24 h. Veuillez activer JavaScript dans votre navigateur [&hellip;]\" \/>\n<meta property=\"og:url\" content=\"https:\/\/sud-ways-solutions.fr\/index.php\/demande-de-devis\/\" \/>\n<meta property=\"og:site_name\" content=\"Sud-Ways Solutions\" \/>\n<meta property=\"article:modified_time\" content=\"2025-11-15T21:41:06+00:00\" \/>\n<meta property=\"og:image\" content=\"https:\/\/sud-ways-solutions.fr\/wp-content\/plugins\/wpforms-lite\/assets\/images\/submit-spin.svg\" \/>\n<meta name=\"twitter:card\" content=\"summary_large_image\" \/>\n<script type=\"application\/ld+json\" class=\"yoast-schema-graph\">{\"@context\":\"https:\/\/schema.org\",\"@graph\":[{\"@type\":\"WebPage\",\"@id\":\"https:\/\/sud-ways-solutions.fr\/index.php\/demande-de-devis\/\",\"url\":\"https:\/\/sud-ways-solutions.fr\/index.php\/demande-de-devis\/\",\"name\":\"Demande de devis - Sud-Ways Solutions\",\"isPartOf\":{\"@id\":\"https:\/\/sud-ways-solutions.fr\/#website\"},\"primaryImageOfPage\":{\"@id\":\"https:\/\/sud-ways-solutions.fr\/index.php\/demande-de-devis\/#primaryimage\"},\"image\":{\"@id\":\"https:\/\/sud-ways-solutions.fr\/index.php\/demande-de-devis\/#primaryimage\"},\"thumbnailUrl\":\"https:\/\/sud-ways-solutions.fr\/wp-content\/plugins\/wpforms-lite\/assets\/images\/submit-spin.svg\",\"datePublished\":\"2025-11-12T09:29:09+00:00\",\"dateModified\":\"2025-11-15T21:41:06+00:00\",\"breadcrumb\":{\"@id\":\"https:\/\/sud-ways-solutions.fr\/index.php\/demande-de-devis\/#breadcrumb\"},\"inLanguage\":\"fr-FR\",\"potentialAction\":[{\"@type\":\"ReadAction\",\"target\":[\"https:\/\/sud-ways-solutions.fr\/index.php\/demande-de-devis\/\"]}]},{\"@type\":\"ImageObject\",\"inLanguage\":\"fr-FR\",\"@id\":\"https:\/\/sud-ways-solutions.fr\/index.php\/demande-de-devis\/#primaryimage\",\"url\":\"https:\/\/sud-ways-solutions.fr\/wp-content\/plugins\/wpforms-lite\/assets\/images\/submit-spin.svg\",\"contentUrl\":\"https:\/\/sud-ways-solutions.fr\/wp-content\/plugins\/wpforms-lite\/assets\/images\/submit-spin.svg\"},{\"@type\":\"BreadcrumbList\",\"@id\":\"https:\/\/sud-ways-solutions.fr\/index.php\/demande-de-devis\/#breadcrumb\",\"itemListElement\":[{\"@type\":\"ListItem\",\"position\":1,\"name\":\"Accueil\",\"item\":\"https:\/\/sud-ways-solutions.fr\/\"},{\"@type\":\"ListItem\",\"position\":2,\"name\":\"Demande de devis\"}]},{\"@type\":\"WebSite\",\"@id\":\"https:\/\/sud-ways-solutions.fr\/#website\",\"url\":\"https:\/\/sud-ways-solutions.fr\/\",\"name\":\"Sud-Ways Solutions\",\"description\":\"\",\"publisher\":{\"@id\":\"https:\/\/sud-ways-solutions.fr\/#organization\"},\"potentialAction\":[{\"@type\":\"SearchAction\",\"target\":{\"@type\":\"EntryPoint\",\"urlTemplate\":\"https:\/\/sud-ways-solutions.fr\/?s={search_term_string}\"},\"query-input\":{\"@type\":\"PropertyValueSpecification\",\"valueRequired\":true,\"valueName\":\"search_term_string\"}}],\"inLanguage\":\"fr-FR\"},{\"@type\":\"Organization\",\"@id\":\"https:\/\/sud-ways-solutions.fr\/#organization\",\"name\":\"Sud-Ways Solutions\",\"url\":\"https:\/\/sud-ways-solutions.fr\/\",\"logo\":{\"@type\":\"ImageObject\",\"inLanguage\":\"fr-FR\",\"@id\":\"https:\/\/sud-ways-solutions.fr\/#\/schema\/logo\/image\/\",\"url\":\"https:\/\/sud-ways-solutions.fr\/wp-content\/uploads\/2025\/11\/1000037965.jpg\",\"contentUrl\":\"https:\/\/sud-ways-solutions.fr\/wp-content\/uploads\/2025\/11\/1000037965.jpg\",\"width\":1360,\"height\":1536,\"caption\":\"Sud-Ways Solutions\"},\"image\":{\"@id\":\"https:\/\/sud-ways-solutions.fr\/#\/schema\/logo\/image\/\"}}]}<\/script>\n<!-- \/ Yoast SEO plugin. -->","yoast_head_json":{"title":"Demande de devis - Sud-Ways Solutions","robots":{"index":"index","follow":"follow","max-snippet":"max-snippet:-1","max-image-preview":"max-image-preview:large","max-video-preview":"max-video-preview:-1"},"canonical":"https:\/\/sud-ways-solutions.fr\/index.php\/demande-de-devis\/","og_locale":"fr_FR","og_type":"article","og_title":"Demande de devis - Sud-Ways Solutions","og_description":"Demande de devis Remplissez le formulaire ci-dessous, notre \u00e9quipe vous contactera sous 24 h. Veuillez activer JavaScript dans votre navigateur [&hellip;]","og_url":"https:\/\/sud-ways-solutions.fr\/index.php\/demande-de-devis\/","og_site_name":"Sud-Ways Solutions","article_modified_time":"2025-11-15T21:41:06+00:00","og_image":[{"url":"https:\/\/sud-ways-solutions.fr\/wp-content\/plugins\/wpforms-lite\/assets\/images\/submit-spin.svg","type":"","width":"","height":""}],"twitter_card":"summary_large_image","schema":{"@context":"https:\/\/schema.org","@graph":[{"@type":"WebPage","@id":"https:\/\/sud-ways-solutions.fr\/index.php\/demande-de-devis\/","url":"https:\/\/sud-ways-solutions.fr\/index.php\/demande-de-devis\/","name":"Demande de devis - Sud-Ways Solutions","isPartOf":{"@id":"https:\/\/sud-ways-solutions.fr\/#website"},"primaryImageOfPage":{"@id":"https:\/\/sud-ways-solutions.fr\/index.php\/demande-de-devis\/#primaryimage"},"image":{"@id":"https:\/\/sud-ways-solutions.fr\/index.php\/demande-de-devis\/#primaryimage"},"thumbnailUrl":"https:\/\/sud-ways-solutions.fr\/wp-content\/plugins\/wpforms-lite\/assets\/images\/submit-spin.svg","datePublished":"2025-11-12T09:29:09+00:00","dateModified":"2025-11-15T21:41:06+00:00","breadcrumb":{"@id":"https:\/\/sud-ways-solutions.fr\/index.php\/demande-de-devis\/#breadcrumb"},"inLanguage":"fr-FR","potentialAction":[{"@type":"ReadAction","target":["https:\/\/sud-ways-solutions.fr\/index.php\/demande-de-devis\/"]}]},{"@type":"ImageObject","inLanguage":"fr-FR","@id":"https:\/\/sud-ways-solutions.fr\/index.php\/demande-de-devis\/#primaryimage","url":"https:\/\/sud-ways-solutions.fr\/wp-content\/plugins\/wpforms-lite\/assets\/images\/submit-spin.svg","contentUrl":"https:\/\/sud-ways-solutions.fr\/wp-content\/plugins\/wpforms-lite\/assets\/images\/submit-spin.svg"},{"@type":"BreadcrumbList","@id":"https:\/\/sud-ways-solutions.fr\/index.php\/demande-de-devis\/#breadcrumb","itemListElement":[{"@type":"ListItem","position":1,"name":"Accueil","item":"https:\/\/sud-ways-solutions.fr\/"},{"@type":"ListItem","position":2,"name":"Demande de devis"}]},{"@type":"WebSite","@id":"https:\/\/sud-ways-solutions.fr\/#website","url":"https:\/\/sud-ways-solutions.fr\/","name":"Sud-Ways Solutions","description":"","publisher":{"@id":"https:\/\/sud-ways-solutions.fr\/#organization"},"potentialAction":[{"@type":"SearchAction","target":{"@type":"EntryPoint","urlTemplate":"https:\/\/sud-ways-solutions.fr\/?s={search_term_string}"},"query-input":{"@type":"PropertyValueSpecification","valueRequired":true,"valueName":"search_term_string"}}],"inLanguage":"fr-FR"},{"@type":"Organization","@id":"https:\/\/sud-ways-solutions.fr\/#organization","name":"Sud-Ways Solutions","url":"https:\/\/sud-ways-solutions.fr\/","logo":{"@type":"ImageObject","inLanguage":"fr-FR","@id":"https:\/\/sud-ways-solutions.fr\/#\/schema\/logo\/image\/","url":"https:\/\/sud-ways-solutions.fr\/wp-content\/uploads\/2025\/11\/1000037965.jpg","contentUrl":"https:\/\/sud-ways-solutions.fr\/wp-content\/uploads\/2025\/11\/1000037965.jpg","width":1360,"height":1536,"caption":"Sud-Ways Solutions"},"image":{"@id":"https:\/\/sud-ways-solutions.fr\/#\/schema\/logo\/image\/"}}]}},"_links":{"self":[{"href":"https:\/\/sud-ways-solutions.fr\/index.php\/wp-json\/wp\/v2\/pages\/50","targetHints":{"allow":["GET"]}}],"collection":[{"href":"https:\/\/sud-ways-solutions.fr\/index.php\/wp-json\/wp\/v2\/pages"}],"about":[{"href":"https:\/\/sud-ways-solutions.fr\/index.php\/wp-json\/wp\/v2\/types\/page"}],"author":[{"embeddable":true,"href":"https:\/\/sud-ways-solutions.fr\/index.php\/wp-json\/wp\/v2\/users\/1"}],"replies":[{"embeddable":true,"href":"https:\/\/sud-ways-solutions.fr\/index.php\/wp-json\/wp\/v2\/comments?post=50"}],"version-history":[{"count":25,"href":"https:\/\/sud-ways-solutions.fr\/index.php\/wp-json\/wp\/v2\/pages\/50\/revisions"}],"predecessor-version":[{"id":315,"href":"https:\/\/sud-ways-solutions.fr\/index.php\/wp-json\/wp\/v2\/pages\/50\/revisions\/315"}],"wp:attachment":[{"href":"https:\/\/sud-ways-solutions.fr\/index.php\/wp-json\/wp\/v2\/media?parent=50"}],"curies":[{"name":"wp","href":"https:\/\/api.w.org\/{rel}","templated":true}]}}