{"id":52,"date":"2025-11-12T09:29:28","date_gmt":"2025-11-12T09:29:28","guid":{"rendered":"http:\/\/sudwayv.cluster021.hosting.ovh.net\/?page_id=52"},"modified":"2025-11-15T21:33:42","modified_gmt":"2025-11-15T21:33:42","slug":"contact","status":"publish","type":"page","link":"https:\/\/sud-ways-solutions.fr\/index.php\/contact\/","title":{"rendered":"Contact"},"content":{"rendered":"\t\t<div data-elementor-type=\"wp-page\" data-elementor-id=\"52\" class=\"elementor elementor-52\">\n\t\t\t\t<div class=\"elementor-element elementor-element-7362d0f e-flex e-con-boxed e-con e-parent\" data-id=\"7362d0f\" data-element_type=\"container\" data-e-type=\"container\">\n\t\t\t\t\t<div class=\"e-con-inner\">\n\t\t\t\t<div class=\"elementor-element elementor-element-ad0ddad elementor-widget elementor-widget-html\" data-id=\"ad0ddad\" data-element_type=\"widget\" data-e-type=\"widget\" data-widget_type=\"html.default\">\n\t\t\t\t\t<section style=\"max-width:1100px;margin:0 auto;padding:60px 20px 80px;\">\n\n  <!-- TITRE PRINCIPAL -->\n  <div style=\"text-align:center;margin-bottom:40px;\">\n    <h1 style=\"font-family:Poppins, sans-serif;font-weight:700;font-size:48px;color:#2B2B2B;margin:0 0 10px 0;\">\n      Contact <span style=\"color:#FFA300;\">Sud-Ways Solutions<\/span>\n    <\/h1>\n    <p style=\"font-family:Poppins, sans-serif;font-size:16px;color:#666;margin:0;\">\n      Une question, un besoin sp\u00e9cifique ou une demande d\u2019information ?\n      N\u2019h\u00e9sitez pas \u00e0 nous contacter, nous vous r\u00e9pondrons au plus vite.\n    <\/p>\n  <\/div>\n\n  <!-- BLOC 2 COLONNES -->\n  <div style=\"display:flex;flex-wrap:wrap;gap:40px;align-items:flex-start;justify-content:space-between;\">\n\n    <!-- COLONNE GAUCHE : COORDONN\u00c9ES -->\n    <div style=\"flex:1;min-width:260px;max-width:480px;\">\n      <h2 style=\"font-family:Poppins, sans-serif;font-weight:600;font-size:22px;color:#2B2B2B;margin-bottom:15px;\">\n        Coordonn\u00e9es\n      <\/h2>\n\n      <p style=\"font-family:Poppins, sans-serif;font-size:15px;color:#444;margin:0 0 10px 0;\">\n        <strong>Sud-Ways Solutions<\/strong><br>\n        321 route du Teyrat<br>\n        Sencenac-Puy-de-Fourches<br>\n        24310 Brant\u00f4me-en-P\u00e9rigord\n      <\/p>\n\n      <p style=\"font-family:Poppins, sans-serif;font-size:15px;color:#444;margin:0 0 8px 0;\">\n        \ud83d\udcde <strong>T\u00e9l\u00e9phone :<\/strong> <span>07 66 30 89 06<\/span>\n        <!-- Remplace \"07 66 30 89 06\" par ton vrai num\u00e9ro -->\n      <\/p>\n\n      <p style=\"font-family:Poppins, sans-serif;font-size:15px;color:#444;margin:0 0 8px 0;\">\n        \u2709\ufe0f <strong>E-mail :<\/strong>\n        <a href=\"mailto:contact@sud-ways.fr\" style=\"color:#FFA300;text-decoration:none;\">\n          contact@sud-ways-solutions.fr\n        <\/a>\n        <!-- Remplace l'adresse si besoin -->\n      <\/p>\n\n      <p style=\"font-family:Poppins, sans-serif;font-size:15px;color:#444;margin:15px 0 6px 0;\">\n        \ud83d\udd52 <strong>Horaires :<\/strong><br>\n        Du lundi au vendredi \u2013 8h00 \u00e0 18h00<br>\n        Sur rendez-vous le week-end.\n      <\/p>\n\n      <p style=\"font-family:Poppins, sans-serif;font-size:15px;color:#444;margin:15px 0 0 0;\">\n        \ud83d\udccd <strong>Zone d\u2019intervention :<\/strong><br>\n        Bas\u00e9s en Dordogne, nous intervenons sur toute la France.\n      <\/p>\n    <\/div>\n\n    <!-- COLONNE DROITE : TEXTE + BOUTON DEVIS -->\n    <div style=\"flex:1;min-width:260px;max-width:480px;\">\n      <h2 style=\"font-family:Poppins, sans-serif;font-weight:600;font-size:22px;color:#2B2B2B;margin-bottom:15px;\">\n        Un projet en t\u00eate ?\n      <\/h2>\n\n      <p style=\"font-family:Poppins, sans-serif;font-size:15px;color:#444;margin:0 0 15px 0;\">\n        Pour une estimation d\u00e9taill\u00e9e du convoyage de votre v\u00e9hicule ou du transport de vos biens,\n        vous pouvez utiliser notre formulaire de demande de devis d\u00e9di\u00e9.\n      <\/p>\n\n      <p style=\"font-family:Poppins, sans-serif;font-size:15px;color:#444;margin:0 0 25px 0;\">\n        Nous analysons chaque demande avec attention pour vous proposer une solution\n        adapt\u00e9e \u00e0 votre trajet, vos contraintes et vos d\u00e9lais.\n      <\/p>\n\n      <a href=\"https:\/\/sud-ways-solutions.fr\/index.php\/demande-de-devis\/\"\n         style=\"display:inline-block;padding:14px 36px;border-radius:999px;\n                background-color:#FFA300;color:#FFFFFF;text-decoration:none;\n                font-family:Poppins, sans-serif;font-weight:600;font-size:15px;\n                box-shadow:0 4px 12px rgba(0,0,0,0.18);\">\n        Demander un devis en ligne\n      <\/a>\n\n      <!-- SI TU VEUX UN FORMULAIRE DE CONTACT ICI :\n           Ajoute en dessous un widget \"WPForms\" dans Elementor\n           avec un petit formulaire contact simple. -->\n    <\/div>\n\n  <\/div>\n\n<\/section>\n\t\t\t\t<\/div>\n\t\t\t\t\t<\/div>\n\t\t\t\t<\/div>\n\t\t\t\t<\/div>\n\t\t","protected":false},"excerpt":{"rendered":"<p>Contact Sud-Ways Solutions Une question, un besoin sp\u00e9cifique ou une demande d\u2019information ? N\u2019h\u00e9sitez pas \u00e0 nous contacter, nous vous [&hellip;]<\/p>\n","protected":false},"author":1,"featured_media":0,"parent":0,"menu_order":0,"comment_status":"closed","ping_status":"closed","template":"","meta":{"site-sidebar-layout":"no-sidebar","site-content-layout":"","ast-site-content-layout":"full-width-container","site-content-style":"default","site-sidebar-style":"default","ast-global-header-display":"","ast-banner-title-visibility":"","ast-main-header-display":"","ast-hfb-above-header-display":"","ast-hfb-below-header-display":"","ast-hfb-mobile-header-display":"","site-post-title":"","ast-breadcrumbs-content":"","ast-featured-img":"disabled","footer-sml-layout":"","ast-disable-related-posts":"","theme-transparent-header-meta":"","adv-header-id-meta":"","stick-header-meta":"","header-above-stick-meta":"","header-main-stick-meta":"","header-below-stick-meta":"","astra-migrate-meta-layouts":"default","ast-page-background-enabled":"default","ast-page-background-meta":{"desktop":{"background-color":"var(--ast-global-color-5)","background-image":"","background-repeat":"repeat","background-position":"center center","background-size":"auto","background-attachment":"scroll","background-type":"","background-media":"","overlay-type":"","overlay-color":"","overlay-opacity":"","overlay-gradient":""},"tablet":{"background-color":"","background-image":"","background-repeat":"repeat","background-position":"center center","background-size":"auto","background-attachment":"scroll","background-type":"","background-media":"","overlay-type":"","overlay-color":"","overlay-opacity":"","overlay-gradient":""},"mobile":{"background-color":"","background-image":"","background-repeat":"repeat","background-position":"center center","background-size":"auto","background-attachment":"scroll","background-type":"","background-media":"","overlay-type":"","overlay-color":"","overlay-opacity":"","overlay-gradient":""}},"ast-content-background-meta":{"desktop":{"background-color":"var(--ast-global-color-4)","background-image":"","background-repeat":"repeat","background-position":"center center","background-size":"auto","background-attachment":"scroll","background-type":"","background-media":"","overlay-type":"","overlay-color":"","overlay-opacity":"","overlay-gradient":""},"tablet":{"background-color":"var(--ast-global-color-4)","background-image":"","background-repeat":"repeat","background-position":"center center","background-size":"auto","background-attachment":"scroll","background-type":"","background-media":"","overlay-type":"","overlay-color":"","overlay-opacity":"","overlay-gradient":""},"mobile":{"background-color":"var(--ast-global-color-4)","background-image":"","background-repeat":"repeat","background-position":"center center","background-size":"auto","background-attachment":"scroll","background-type":"","background-media":"","overlay-type":"","overlay-color":"","overlay-opacity":"","overlay-gradient":""}},"footnotes":""},"class_list":["post-52","page","type-page","status-publish","hentry"],"yoast_head":"<!-- This site is optimized with the Yoast SEO plugin v26.5 - https:\/\/yoast.com\/wordpress\/plugins\/seo\/ -->\n<title>Contact - Sud-Ways Solutions<\/title>\n<meta name=\"robots\" content=\"index, follow, max-snippet:-1, max-image-preview:large, max-video-preview:-1\" \/>\n<link rel=\"canonical\" href=\"https:\/\/sud-ways-solutions.fr\/index.php\/contact\/\" \/>\n<meta property=\"og:locale\" content=\"fr_FR\" \/>\n<meta property=\"og:type\" content=\"article\" \/>\n<meta property=\"og:title\" content=\"Contact - Sud-Ways Solutions\" \/>\n<meta property=\"og:description\" content=\"Contact Sud-Ways Solutions Une question, un besoin sp\u00e9cifique ou une demande d\u2019information ? N\u2019h\u00e9sitez pas \u00e0 nous contacter, nous vous [&hellip;]\" \/>\n<meta property=\"og:url\" content=\"https:\/\/sud-ways-solutions.fr\/index.php\/contact\/\" \/>\n<meta property=\"og:site_name\" content=\"Sud-Ways Solutions\" \/>\n<meta property=\"article:modified_time\" content=\"2025-11-15T21:33:42+00:00\" \/>\n<meta name=\"twitter:card\" content=\"summary_large_image\" \/>\n<script type=\"application\/ld+json\" class=\"yoast-schema-graph\">{\"@context\":\"https:\/\/schema.org\",\"@graph\":[{\"@type\":\"WebPage\",\"@id\":\"https:\/\/sud-ways-solutions.fr\/index.php\/contact\/\",\"url\":\"https:\/\/sud-ways-solutions.fr\/index.php\/contact\/\",\"name\":\"Contact - Sud-Ways Solutions\",\"isPartOf\":{\"@id\":\"https:\/\/sud-ways-solutions.fr\/#website\"},\"datePublished\":\"2025-11-12T09:29:28+00:00\",\"dateModified\":\"2025-11-15T21:33:42+00:00\",\"breadcrumb\":{\"@id\":\"https:\/\/sud-ways-solutions.fr\/index.php\/contact\/#breadcrumb\"},\"inLanguage\":\"fr-FR\",\"potentialAction\":[{\"@type\":\"ReadAction\",\"target\":[\"https:\/\/sud-ways-solutions.fr\/index.php\/contact\/\"]}]},{\"@type\":\"BreadcrumbList\",\"@id\":\"https:\/\/sud-ways-solutions.fr\/index.php\/contact\/#breadcrumb\",\"itemListElement\":[{\"@type\":\"ListItem\",\"position\":1,\"name\":\"Accueil\",\"item\":\"https:\/\/sud-ways-solutions.fr\/\"},{\"@type\":\"ListItem\",\"position\":2,\"name\":\"Contact\"}]},{\"@type\":\"WebSite\",\"@id\":\"https:\/\/sud-ways-solutions.fr\/#website\",\"url\":\"https:\/\/sud-ways-solutions.fr\/\",\"name\":\"Sud-Ways Solutions\",\"description\":\"\",\"publisher\":{\"@id\":\"https:\/\/sud-ways-solutions.fr\/#organization\"},\"potentialAction\":[{\"@type\":\"SearchAction\",\"target\":{\"@type\":\"EntryPoint\",\"urlTemplate\":\"https:\/\/sud-ways-solutions.fr\/?s={search_term_string}\"},\"query-input\":{\"@type\":\"PropertyValueSpecification\",\"valueRequired\":true,\"valueName\":\"search_term_string\"}}],\"inLanguage\":\"fr-FR\"},{\"@type\":\"Organization\",\"@id\":\"https:\/\/sud-ways-solutions.fr\/#organization\",\"name\":\"Sud-Ways Solutions\",\"url\":\"https:\/\/sud-ways-solutions.fr\/\",\"logo\":{\"@type\":\"ImageObject\",\"inLanguage\":\"fr-FR\",\"@id\":\"https:\/\/sud-ways-solutions.fr\/#\/schema\/logo\/image\/\",\"url\":\"https:\/\/sud-ways-solutions.fr\/wp-content\/uploads\/2025\/11\/1000037965.jpg\",\"contentUrl\":\"https:\/\/sud-ways-solutions.fr\/wp-content\/uploads\/2025\/11\/1000037965.jpg\",\"width\":1360,\"height\":1536,\"caption\":\"Sud-Ways Solutions\"},\"image\":{\"@id\":\"https:\/\/sud-ways-solutions.fr\/#\/schema\/logo\/image\/\"}}]}<\/script>\n<!-- \/ Yoast SEO plugin. -->","yoast_head_json":{"title":"Contact - Sud-Ways Solutions","robots":{"index":"index","follow":"follow","max-snippet":"max-snippet:-1","max-image-preview":"max-image-preview:large","max-video-preview":"max-video-preview:-1"},"canonical":"https:\/\/sud-ways-solutions.fr\/index.php\/contact\/","og_locale":"fr_FR","og_type":"article","og_title":"Contact - Sud-Ways Solutions","og_description":"Contact Sud-Ways Solutions Une question, un besoin sp\u00e9cifique ou une demande d\u2019information ? N\u2019h\u00e9sitez pas \u00e0 nous contacter, nous vous [&hellip;]","og_url":"https:\/\/sud-ways-solutions.fr\/index.php\/contact\/","og_site_name":"Sud-Ways Solutions","article_modified_time":"2025-11-15T21:33:42+00:00","twitter_card":"summary_large_image","schema":{"@context":"https:\/\/schema.org","@graph":[{"@type":"WebPage","@id":"https:\/\/sud-ways-solutions.fr\/index.php\/contact\/","url":"https:\/\/sud-ways-solutions.fr\/index.php\/contact\/","name":"Contact - Sud-Ways Solutions","isPartOf":{"@id":"https:\/\/sud-ways-solutions.fr\/#website"},"datePublished":"2025-11-12T09:29:28+00:00","dateModified":"2025-11-15T21:33:42+00:00","breadcrumb":{"@id":"https:\/\/sud-ways-solutions.fr\/index.php\/contact\/#breadcrumb"},"inLanguage":"fr-FR","potentialAction":[{"@type":"ReadAction","target":["https:\/\/sud-ways-solutions.fr\/index.php\/contact\/"]}]},{"@type":"BreadcrumbList","@id":"https:\/\/sud-ways-solutions.fr\/index.php\/contact\/#breadcrumb","itemListElement":[{"@type":"ListItem","position":1,"name":"Accueil","item":"https:\/\/sud-ways-solutions.fr\/"},{"@type":"ListItem","position":2,"name":"Contact"}]},{"@type":"WebSite","@id":"https:\/\/sud-ways-solutions.fr\/#website","url":"https:\/\/sud-ways-solutions.fr\/","name":"Sud-Ways Solutions","description":"","publisher":{"@id":"https:\/\/sud-ways-solutions.fr\/#organization"},"potentialAction":[{"@type":"SearchAction","target":{"@type":"EntryPoint","urlTemplate":"https:\/\/sud-ways-solutions.fr\/?s={search_term_string}"},"query-input":{"@type":"PropertyValueSpecification","valueRequired":true,"valueName":"search_term_string"}}],"inLanguage":"fr-FR"},{"@type":"Organization","@id":"https:\/\/sud-ways-solutions.fr\/#organization","name":"Sud-Ways Solutions","url":"https:\/\/sud-ways-solutions.fr\/","logo":{"@type":"ImageObject","inLanguage":"fr-FR","@id":"https:\/\/sud-ways-solutions.fr\/#\/schema\/logo\/image\/","url":"https:\/\/sud-ways-solutions.fr\/wp-content\/uploads\/2025\/11\/1000037965.jpg","contentUrl":"https:\/\/sud-ways-solutions.fr\/wp-content\/uploads\/2025\/11\/1000037965.jpg","width":1360,"height":1536,"caption":"Sud-Ways Solutions"},"image":{"@id":"https:\/\/sud-ways-solutions.fr\/#\/schema\/logo\/image\/"}}]}},"_links":{"self":[{"href":"https:\/\/sud-ways-solutions.fr\/index.php\/wp-json\/wp\/v2\/pages\/52","targetHints":{"allow":["GET"]}}],"collection":[{"href":"https:\/\/sud-ways-solutions.fr\/index.php\/wp-json\/wp\/v2\/pages"}],"about":[{"href":"https:\/\/sud-ways-solutions.fr\/index.php\/wp-json\/wp\/v2\/types\/page"}],"author":[{"embeddable":true,"href":"https:\/\/sud-ways-solutions.fr\/index.php\/wp-json\/wp\/v2\/users\/1"}],"replies":[{"embeddable":true,"href":"https:\/\/sud-ways-solutions.fr\/index.php\/wp-json\/wp\/v2\/comments?post=52"}],"version-history":[{"count":16,"href":"https:\/\/sud-ways-solutions.fr\/index.php\/wp-json\/wp\/v2\/pages\/52\/revisions"}],"predecessor-version":[{"id":306,"href":"https:\/\/sud-ways-solutions.fr\/index.php\/wp-json\/wp\/v2\/pages\/52\/revisions\/306"}],"wp:attachment":[{"href":"https:\/\/sud-ways-solutions.fr\/index.php\/wp-json\/wp\/v2\/media?parent=52"}],"curies":[{"name":"wp","href":"https:\/\/api.w.org\/{rel}","templated":true}]}}